{"id":11639,"date":"2024-03-27T17:49:11","date_gmt":"2024-03-27T16:49:11","guid":{"rendered":"https:\/\/www.emzirrimarra.eus\/?post_type=product&#038;p=11639"},"modified":"2024-03-27T18:21:25","modified_gmt":"2024-03-27T17:21:25","slug":"ametsa-laminas-serigrafiadas","status":"publish","type":"product","link":"https:\/\/www.emzirrimarra.eus\/eu\/denda\/ametsa-laminas-serigrafiadas\/","title":{"rendered":"Ametsa &#8211; L\u00e1minas serigrafiadas"},"content":{"rendered":"<h1 style=\"text-align: center;\">Ametsa &#8211; l\u00e1minas serigrafiadas.<\/h1>\n<h2 style=\"text-align: center;\">Cuento compuesto de 5 l\u00e1minas serigrafiadas.<\/h2>\n<h2 style=\"text-align: center;\">L\u00e1minas en formato A4.<\/h2>\n<p style=\"text-align: center;\">\n","protected":false},"excerpt":{"rendered":"<p>Ametsa &#8211; l\u00e1minas serigrafiadas. Cuento compuesto de 5 l\u00e1minas serigrafiadas. L\u00e1minas en formato A4.<\/p>\n","protected":false},"featured_media":11643,"template":"","meta":[],"product_brand":[],"product_cat":[355,328,78],"product_tag":[],"class_list":{"0":"post-11639","1":"product","2":"type-product","3":"status-publish","4":"has-post-thumbnail","6":"product_cat-coleccion-ametsa","7":"product_cat-laminas","8":"product_cat-novedades","10":"first","11":"instock","12":"shipping-taxable","13":"purchasable","14":"product-type-simple","15":"thumb-has-effect","16":"prod-rating-on"},"jetpack_sharing_enabled":true,"_links":{"self":[{"href":"https:\/\/www.emzirrimarra.eus\/eu\/wp-json\/wp\/v2\/product\/11639","targetHints":{"allow":["GET"]}}],"collection":[{"href":"https:\/\/www.emzirrimarra.eus\/eu\/wp-json\/wp\/v2\/product"}],"about":[{"href":"https:\/\/www.emzirrimarra.eus\/eu\/wp-json\/wp\/v2\/types\/product"}],"wp:featuredmedia":[{"embeddable":true,"href":"https:\/\/www.emzirrimarra.eus\/eu\/wp-json\/wp\/v2\/media\/11643"}],"wp:attachment":[{"href":"https:\/\/www.emzirrimarra.eus\/eu\/wp-json\/wp\/v2\/media?parent=11639"}],"wp:term":[{"taxonomy":"product_brand","embeddable":true,"href":"https:\/\/www.emzirrimarra.eus\/eu\/wp-json\/wp\/v2\/product_brand?post=11639"},{"taxonomy":"product_cat","embeddable":true,"href":"https:\/\/www.emzirrimarra.eus\/eu\/wp-json\/wp\/v2\/product_cat?post=11639"},{"taxonomy":"product_tag","embeddable":true,"href":"https:\/\/www.emzirrimarra.eus\/eu\/wp-json\/wp\/v2\/product_tag?post=11639"}],"curies":[{"name":"wp","href":"https:\/\/api.w.org\/{rel}","templated":true}]}}